{"id":3581,"date":"2026-05-11T09:11:59","date_gmt":"2026-05-11T06:11:59","guid":{"rendered":"https:\/\/caravan.lt\/?post_type=product&#038;p=3581"},"modified":"2026-05-11T09:39:51","modified_gmt":"2026-05-11T06:39:51","slug":"mobilus-namelis-atlas-ruby","status":"publish","type":"product","link":"https:\/\/caravan.lt\/ru\/produktas\/mobilus-namelis-atlas-ruby\/","title":{"rendered":"Mobilus namelis ATLAS RUBY"},"content":{"rendered":"","protected":false},"excerpt":{"rendered":"<p>Tvarkingi nameliai i\u0161 patikim\u0173 rank\u0173. Pirmoji Lietuvoje nameli\u0173 pardavimo aik\u0161tel\u0117 Vilniuje nuo pat \u012fk\u016brimo 2004 m. Visada turiu did\u017eiausi\u0105 nameli\u0173 pasirinkim\u0105 vienoje vietoje Lietuvoje (70-100 vnt.). Konsultacijos, garantija, atsargin\u0117s dalys, perve\u017eimas, nameli\u0173 atpirkimas.<\/p>\n<p>Tiesioginis kontaktas su savininku +370 641 102 02. Skambinkite pirmadien\u012f-\u0161e\u0161tadien\u012f 8.00-19.00. Aik\u0161tel\u0117 atidaryta pirmadien\u012f-\u0161e\u0161tadien\u012f 8.00-18.00. Jei norite atvykti v\u0117liau arba sekmadien\u012f &#8212; paskambinkite, susitarsime.<\/p>\n<p>B\u016btinai perskaitykite vis\u0105 informacij\u0105 apie namelius paspaud\u0119 \u0161i\u0105 nuorod\u0105 &#8212; \u201eKAIP I\u0160SIRINKTI MOBIL\u0172 NAMEL\u012e\u201c.<\/p>\n<p>Parduosiu pigiau, nei kiti pardav\u0117jai Lietuvoje. Parodykit tok\u012f pat\u012f namel\u012f pigiau pas konkurentus ir a\u0161 parduosiu dar pigiau!<\/p>\n","protected":false},"featured_media":3584,"template":"","meta":{"_et_pb_use_builder":"","_et_pb_old_content":"","_et_gb_content_width":""},"product_brand":[],"product_cat":[31],"product_tag":[],"class_list":{"0":"post-3581","1":"product","2":"type-product","3":"status-publish","4":"has-post-thumbnail","6":"product_cat-nameliai","7":"pa_plotis-m-3-70","9":"first","10":"instock","11":"shipping-taxable","12":"purchasable","13":"product-type-simple"},"yoast_head":"<!-- This site is optimized with the Yoast SEO plugin v27.5 - https:\/\/yoast.com\/product\/yoast-seo-wordpress\/ -->\n<title>Mobilus namelis ATLAS RUBY - caravan.lt<\/title>\n<meta name=\"robots\" content=\"index, follow, max-snippet:-1, max-image-preview:large, max-video-preview:-1\" \/>\n<link rel=\"canonical\" href=\"https:\/\/caravan.lt\/produktas\/mobilus-namelis-atlas-ruby\/\" \/>\n<meta property=\"og:locale\" content=\"ru_RU\" \/>\n<meta property=\"og:type\" content=\"article\" \/>\n<meta property=\"og:title\" content=\"Mobilus namelis ATLAS RUBY - caravan.lt\" \/>\n<meta property=\"og:description\" content=\"Tvarkingi nameliai i\u0161 patikim\u0173 rank\u0173. Pirmoji Lietuvoje nameli\u0173 pardavimo aik\u0161tel\u0117 Vilniuje nuo pat \u012fk\u016brimo 2004 m. Visada turiu did\u017eiausi\u0105 nameli\u0173 pasirinkim\u0105 vienoje vietoje Lietuvoje (70-100 vnt.). Konsultacijos, garantija, atsargin\u0117s dalys, perve\u017eimas, nameli\u0173 atpirkimas.  Tiesioginis kontaktas su savininku +370 641 102 02. Skambinkite pirmadien\u012f-\u0161e\u0161tadien\u012f 8.00-19.00. Aik\u0161tel\u0117 atidaryta pirmadien\u012f-\u0161e\u0161tadien\u012f 8.00-18.00. Jei norite atvykti v\u0117liau arba sekmadien\u012f - paskambinkite, susitarsime.  B\u016btinai perskaitykite vis\u0105 informacij\u0105 apie namelius paspaud\u0119 \u0161i\u0105 nuorod\u0105 - \u201eKAIP I\u0160SIRINKTI MOBIL\u0172 NAMEL\u012e\u201c.  Parduosiu pigiau, nei kiti pardav\u0117jai Lietuvoje. Parodykit tok\u012f pat\u012f namel\u012f pigiau pas konkurentus ir a\u0161 parduosiu dar pigiau!\" \/>\n<meta property=\"og:url\" content=\"https:\/\/caravan.lt\/produktas\/mobilus-namelis-atlas-ruby\/\" \/>\n<meta property=\"og:site_name\" content=\"caravan.lt\" \/>\n<meta property=\"article:modified_time\" content=\"2026-05-11T06:39:51+00:00\" \/>\n<meta property=\"og:image\" content=\"https:\/\/caravan.lt\/wp-content\/uploads\/IMG_6627-1-scaled.jpeg\" \/>\n\t<meta property=\"og:image:width\" content=\"2560\" \/>\n\t<meta property=\"og:image:height\" content=\"1920\" \/>\n\t<meta property=\"og:image:type\" content=\"image\/jpeg\" \/>\n<meta name=\"twitter:card\" content=\"summary_large_image\" \/>\n<meta name=\"twitter:label1\" content=\"\u041f\u0440\u0438\u043c\u0435\u0440\u043d\u043e\u0435 \u0432\u0440\u0435\u043c\u044f \u0434\u043b\u044f \u0447\u0442\u0435\u043d\u0438\u044f\" \/>\n\t<meta name=\"twitter:data1\" content=\"1 \u043c\u0438\u043d\u0443\u0442\u0430\" \/>\n<script type=\"application\/ld+json\" class=\"yoast-schema-graph\">{\"@context\":\"https:\\\/\\\/schema.org\",\"@graph\":[{\"@type\":\"WebPage\",\"@id\":\"https:\\\/\\\/caravan.lt\\\/produktas\\\/mobilus-namelis-atlas-ruby\\\/\",\"url\":\"https:\\\/\\\/caravan.lt\\\/produktas\\\/mobilus-namelis-atlas-ruby\\\/\",\"name\":\"Mobilus namelis ATLAS RUBY - caravan.lt\",\"isPartOf\":{\"@id\":\"https:\\\/\\\/caravan.lt\\\/#website\"},\"primaryImageOfPage\":{\"@id\":\"https:\\\/\\\/caravan.lt\\\/produktas\\\/mobilus-namelis-atlas-ruby\\\/#primaryimage\"},\"image\":{\"@id\":\"https:\\\/\\\/caravan.lt\\\/produktas\\\/mobilus-namelis-atlas-ruby\\\/#primaryimage\"},\"thumbnailUrl\":\"https:\\\/\\\/caravan.lt\\\/wp-content\\\/uploads\\\/IMG_6627-1-scaled.jpeg\",\"datePublished\":\"2026-05-11T06:11:59+00:00\",\"dateModified\":\"2026-05-11T06:39:51+00:00\",\"breadcrumb\":{\"@id\":\"https:\\\/\\\/caravan.lt\\\/produktas\\\/mobilus-namelis-atlas-ruby\\\/#breadcrumb\"},\"inLanguage\":\"ru-RU\",\"potentialAction\":[{\"@type\":\"ReadAction\",\"target\":[\"https:\\\/\\\/caravan.lt\\\/produktas\\\/mobilus-namelis-atlas-ruby\\\/\"]}]},{\"@type\":\"ImageObject\",\"inLanguage\":\"ru-RU\",\"@id\":\"https:\\\/\\\/caravan.lt\\\/produktas\\\/mobilus-namelis-atlas-ruby\\\/#primaryimage\",\"url\":\"https:\\\/\\\/caravan.lt\\\/wp-content\\\/uploads\\\/IMG_6627-1-scaled.jpeg\",\"contentUrl\":\"https:\\\/\\\/caravan.lt\\\/wp-content\\\/uploads\\\/IMG_6627-1-scaled.jpeg\",\"width\":2560,\"height\":1920},{\"@type\":\"BreadcrumbList\",\"@id\":\"https:\\\/\\\/caravan.lt\\\/produktas\\\/mobilus-namelis-atlas-ruby\\\/#breadcrumb\",\"itemListElement\":[{\"@type\":\"ListItem\",\"position\":1,\"name\":\"Home\",\"item\":\"https:\\\/\\\/caravan.lt\\\/ru\\\/\"},{\"@type\":\"ListItem\",\"position\":2,\"name\":\"\u0414\u043e\u043c\u0438\u043a\u0438\",\"item\":\"https:\\\/\\\/caravan.lt\\\/ru\\\/%d0%b4%d0%be%d0%bc%d0%b8%d0%ba%d0%b8\\\/\"},{\"@type\":\"ListItem\",\"position\":3,\"name\":\"Mobilus namelis ATLAS RUBY\"}]},{\"@type\":\"WebSite\",\"@id\":\"https:\\\/\\\/caravan.lt\\\/#website\",\"url\":\"https:\\\/\\\/caravan.lt\\\/\",\"name\":\"caravan.lt\",\"description\":\"Just another WordPress site\",\"potentialAction\":[{\"@type\":\"SearchAction\",\"target\":{\"@type\":\"EntryPoint\",\"urlTemplate\":\"https:\\\/\\\/caravan.lt\\\/?s={search_term_string}\"},\"query-input\":{\"@type\":\"PropertyValueSpecification\",\"valueRequired\":true,\"valueName\":\"search_term_string\"}}],\"inLanguage\":\"ru-RU\"}]}<\/script>\n<!-- \/ Yoast SEO plugin. -->","yoast_head_json":{"title":"Mobilus namelis ATLAS RUBY - caravan.lt","robots":{"index":"index","follow":"follow","max-snippet":"max-snippet:-1","max-image-preview":"max-image-preview:large","max-video-preview":"max-video-preview:-1"},"canonical":"https:\/\/caravan.lt\/produktas\/mobilus-namelis-atlas-ruby\/","og_locale":"ru_RU","og_type":"article","og_title":"Mobilus namelis ATLAS RUBY - caravan.lt","og_description":"Tvarkingi nameliai i\u0161 patikim\u0173 rank\u0173. Pirmoji Lietuvoje nameli\u0173 pardavimo aik\u0161tel\u0117 Vilniuje nuo pat \u012fk\u016brimo 2004 m. Visada turiu did\u017eiausi\u0105 nameli\u0173 pasirinkim\u0105 vienoje vietoje Lietuvoje (70-100 vnt.). Konsultacijos, garantija, atsargin\u0117s dalys, perve\u017eimas, nameli\u0173 atpirkimas.  Tiesioginis kontaktas su savininku +370 641 102 02. Skambinkite pirmadien\u012f-\u0161e\u0161tadien\u012f 8.00-19.00. Aik\u0161tel\u0117 atidaryta pirmadien\u012f-\u0161e\u0161tadien\u012f 8.00-18.00. Jei norite atvykti v\u0117liau arba sekmadien\u012f - paskambinkite, susitarsime.  B\u016btinai perskaitykite vis\u0105 informacij\u0105 apie namelius paspaud\u0119 \u0161i\u0105 nuorod\u0105 - \u201eKAIP I\u0160SIRINKTI MOBIL\u0172 NAMEL\u012e\u201c.  Parduosiu pigiau, nei kiti pardav\u0117jai Lietuvoje. Parodykit tok\u012f pat\u012f namel\u012f pigiau pas konkurentus ir a\u0161 parduosiu dar pigiau!","og_url":"https:\/\/caravan.lt\/produktas\/mobilus-namelis-atlas-ruby\/","og_site_name":"caravan.lt","article_modified_time":"2026-05-11T06:39:51+00:00","og_image":[{"width":2560,"height":1920,"url":"https:\/\/caravan.lt\/wp-content\/uploads\/IMG_6627-1-scaled.jpeg","type":"image\/jpeg"}],"twitter_card":"summary_large_image","twitter_misc":{"\u041f\u0440\u0438\u043c\u0435\u0440\u043d\u043e\u0435 \u0432\u0440\u0435\u043c\u044f \u0434\u043b\u044f \u0447\u0442\u0435\u043d\u0438\u044f":"1 \u043c\u0438\u043d\u0443\u0442\u0430"},"schema":{"@context":"https:\/\/schema.org","@graph":[{"@type":"WebPage","@id":"https:\/\/caravan.lt\/produktas\/mobilus-namelis-atlas-ruby\/","url":"https:\/\/caravan.lt\/produktas\/mobilus-namelis-atlas-ruby\/","name":"Mobilus namelis ATLAS RUBY - caravan.lt","isPartOf":{"@id":"https:\/\/caravan.lt\/#website"},"primaryImageOfPage":{"@id":"https:\/\/caravan.lt\/produktas\/mobilus-namelis-atlas-ruby\/#primaryimage"},"image":{"@id":"https:\/\/caravan.lt\/produktas\/mobilus-namelis-atlas-ruby\/#primaryimage"},"thumbnailUrl":"https:\/\/caravan.lt\/wp-content\/uploads\/IMG_6627-1-scaled.jpeg","datePublished":"2026-05-11T06:11:59+00:00","dateModified":"2026-05-11T06:39:51+00:00","breadcrumb":{"@id":"https:\/\/caravan.lt\/produktas\/mobilus-namelis-atlas-ruby\/#breadcrumb"},"inLanguage":"ru-RU","potentialAction":[{"@type":"ReadAction","target":["https:\/\/caravan.lt\/produktas\/mobilus-namelis-atlas-ruby\/"]}]},{"@type":"ImageObject","inLanguage":"ru-RU","@id":"https:\/\/caravan.lt\/produktas\/mobilus-namelis-atlas-ruby\/#primaryimage","url":"https:\/\/caravan.lt\/wp-content\/uploads\/IMG_6627-1-scaled.jpeg","contentUrl":"https:\/\/caravan.lt\/wp-content\/uploads\/IMG_6627-1-scaled.jpeg","width":2560,"height":1920},{"@type":"BreadcrumbList","@id":"https:\/\/caravan.lt\/produktas\/mobilus-namelis-atlas-ruby\/#breadcrumb","itemListElement":[{"@type":"ListItem","position":1,"name":"Home","item":"https:\/\/caravan.lt\/ru\/"},{"@type":"ListItem","position":2,"name":"\u0414\u043e\u043c\u0438\u043a\u0438","item":"https:\/\/caravan.lt\/ru\/%d0%b4%d0%be%d0%bc%d0%b8%d0%ba%d0%b8\/"},{"@type":"ListItem","position":3,"name":"Mobilus namelis ATLAS RUBY"}]},{"@type":"WebSite","@id":"https:\/\/caravan.lt\/#website","url":"https:\/\/caravan.lt\/","name":"caravan.lt","description":"Just another WordPress site","potentialAction":[{"@type":"SearchAction","target":{"@type":"EntryPoint","urlTemplate":"https:\/\/caravan.lt\/?s={search_term_string}"},"query-input":{"@type":"PropertyValueSpecification","valueRequired":true,"valueName":"search_term_string"}}],"inLanguage":"ru-RU"}]}},"_links":{"self":[{"href":"https:\/\/caravan.lt\/ru\/wp-json\/wp\/v2\/product\/3581","targetHints":{"allow":["GET"]}}],"collection":[{"href":"https:\/\/caravan.lt\/ru\/wp-json\/wp\/v2\/product"}],"about":[{"href":"https:\/\/caravan.lt\/ru\/wp-json\/wp\/v2\/types\/product"}],"wp:featuredmedia":[{"embeddable":true,"href":"https:\/\/caravan.lt\/ru\/wp-json\/wp\/v2\/media\/3584"}],"wp:attachment":[{"href":"https:\/\/caravan.lt\/ru\/wp-json\/wp\/v2\/media?parent=3581"}],"wp:term":[{"taxonomy":"product_brand","embeddable":true,"href":"https:\/\/caravan.lt\/ru\/wp-json\/wp\/v2\/product_brand?post=3581"},{"taxonomy":"product_cat","embeddable":true,"href":"https:\/\/caravan.lt\/ru\/wp-json\/wp\/v2\/product_cat?post=3581"},{"taxonomy":"product_tag","embeddable":true,"href":"https:\/\/caravan.lt\/ru\/wp-json\/wp\/v2\/product_tag?post=3581"}],"curies":[{"name":"wp","href":"https:\/\/api.w.org\/{rel}","templated":true}]}}