{"id":2554,"date":"2025-04-18T10:47:57","date_gmt":"2025-04-18T07:47:57","guid":{"rendered":"https:\/\/caravan.lt\/?post_type=product&#038;p=2554"},"modified":"2025-09-11T16:50:33","modified_gmt":"2025-09-11T13:50:33","slug":"mobilus-namelis-te1733-2","status":"publish","type":"product","link":"https:\/\/caravan.lt\/ru\/produktas\/mobilus-namelis-te1733-2\/","title":{"rendered":"Mobilus namelis TE1733"},"content":{"rendered":"<p>[et_pb_section fb_built=&#187;1&#8243; _builder_version=&#187;4.27.2&#8243; custom_padding=&#187;0px||0px||false|false&#187; global_colors_info=&#187;{}&#187;][et_pb_row _builder_version=&#187;4.16&#8243; background_size=&#187;initial&#187; background_position=&#187;top_left&#187; background_repeat=&#187;repeat&#187; width=&#187;100%&#187; custom_padding=&#187;0px||0px||false|false&#187; global_module=&#187;178&#8243; saved_tabs=&#187;all&#187; global_colors_info=&#187;{}&#187;][et_pb_column type=&#187;4_4&#8243; _builder_version=&#187;4.16&#8243; custom_padding=&#187;|||&#187; global_colors_info=&#187;{}&#187; custom_padding__hover=&#187;|||&#187;][et_pb_wc_cart_notice _builder_version=&#187;4.27.2&#8243; background_color=&#187;#1F1A17&#8243; global_colors_info=&#187;{}&#187;][\/et_pb_wc_cart_notice][\/et_pb_column][\/et_pb_row][\/et_pb_section][et_pb_section fb_built=&#187;1&#8243; use_custom_gutter=&#187;on&#187; gutter_width=&#187;2&#8243; specialty=&#187;on&#187; _builder_version=&#187;4.27.2&#8243; _module_preset=&#187;default&#187; width=&#187;100%&#187; max_width=&#187;1080px&#187; inner_width=&#187;100%&#187; custom_margin=&#187;0px||0px||true|false&#187; custom_padding=&#187;0px||0px||true|false&#187; global_module=&#187;185&#8243; saved_tabs=&#187;all&#187; global_colors_info=&#187;{}&#187;][et_pb_column type=&#187;1_2&#8243; _builder_version=&#187;4.16&#8243; custom_padding=&#187;|||&#187; global_colors_info=&#187;{}&#187; custom_padding__hover=&#187;|||&#187;][et_pb_wc_images sale_badge_color=&#187;#FFF000&#8243; _builder_version=&#187;4.27.2&#8243; sale_badge_font=&#187;|700||on|||||&#187; sale_badge_text_color=&#187;#1F1A17&#8243; sale_badge_line_height=&#187;1.3em&#187; global_colors_info=&#187;{}&#187;][\/et_pb_wc_images][\/et_pb_column][et_pb_column type=&#187;1_2&#8243; specialty_columns=&#187;2&#8243; _builder_version=&#187;4.16&#8243; custom_padding=&#187;|||&#187; global_colors_info=&#187;{}&#187; custom_padding__hover=&#187;|||&#187;][et_pb_row_inner _builder_version=&#187;4.27.2&#8243; _module_preset=&#187;default&#187; custom_margin=&#187;||0px||false|false&#187; custom_padding=&#187;||0px||false|false&#187; global_colors_info=&#187;{}&#187;][et_pb_column_inner saved_specialty_column_type=&#187;1_2&#8243; _builder_version=&#187;4.27.2&#8243; _module_preset=&#187;default&#187; global_colors_info=&#187;{}&#187;][et_pb_wc_title _builder_version=&#187;4.27.2&#8243; header_level=&#187;h2&#8243; header_font=&#187;|700|||||||&#187; header_text_color=&#187;#1F1A17&#8243; header_font_size=&#187;26px&#187; header_line_height=&#187;1.2em&#187; custom_margin=&#187;||0px||false|false&#187; custom_padding=&#187;||0px||false|false&#187; header_font_size_tablet=&#187;24px&#187; header_font_size_phone=&#187;22px&#187; header_font_size_last_edited=&#187;on|phone&#187; global_colors_info=&#187;{}&#187;][\/et_pb_wc_title][et_pb_wc_price _builder_version=&#187;4.27.2&#8243; body_text_color=&#187;#1F1A17&#8243; body_font_size=&#187;22px&#187; body_line_height=&#187;1.2em&#187; sale_price_text_color=&#187;#ff0000&#8243; background_enable_color=&#187;off&#187; custom_margin=&#187;0px||||false|false&#187; custom_padding=&#187;10px|20px|10px|20px|true|true&#187; body_font_size_tablet=&#187;20px&#187; body_font_size_phone=&#187;18px&#187; body_font_size_last_edited=&#187;on|phone&#187; global_colors_info=&#187;{}&#187;][\/et_pb_wc_price][et_pb_wc_additional_info show_title=&#187;off&#187; _builder_version=&#187;4.27.2&#8243; _module_preset=&#187;default&#187; table_row_background_color=&#187;#ebebeb&#187; table_cell_custom_padding=&#187;0px|10px|0px|10px|true|true&#187; body_font=&#187;|700|||||||&#187; body_text_color=&#187;#000000&#8243; body_line_height=&#187;1.3em&#187; attribute_font=&#187;||||||||&#187; attribute_text_color=&#187;#000000&#8243; attribute_line_height=&#187;1.3em&#187; custom_margin=&#187;||0px||false|false&#187; custom_padding=&#187;||0px||false|false&#187; border_width_all_table_row=&#187;2px&#187; border_color_all_table_row=&#187;#FFFFFF&#187; border_style_all_table_row=&#187;solid&#187; border_width_all_table_cell=&#187;2px&#187; border_color_all_table_cell=&#187;#FFFFFF&#187; border_style_all_table_cell=&#187;solid&#187; global_colors_info=&#187;{}&#187;][\/et_pb_wc_additional_info][\/et_pb_column_inner][\/et_pb_row_inner][et_pb_row_inner column_structure=&#187;1_3,1_3,1_3&#8243; use_custom_gutter=&#187;on&#187; gutter_width=&#187;2&#8243; _builder_version=&#187;4.27.2&#8243; _module_preset=&#187;default&#187; custom_margin=&#187;0px||||false|false&#187; custom_padding=&#187;0px||||false|false&#187; global_colors_info=&#187;{}&#187;][et_pb_column_inner type=&#187;1_3&#8243; saved_specialty_column_type=&#187;1_2&#8243; _builder_version=&#187;4.27.2&#8243; _module_preset=&#187;default&#187; global_colors_info=&#187;{}&#187;][et_pb_button button_url=&#187;tel:+37064110202&#8243; button_text=&#187;+370 641 102 02&#8243; _builder_version=&#187;4.27.2&#8243; _module_preset=&#187;default&#187; custom_button=&#187;on&#187; button_use_icon=&#187;off&#187; custom_padding=&#187;10px|20px|10px|20px|true|true&#187; global_colors_info=&#187;{}&#187;][\/et_pb_button][\/et_pb_column_inner][et_pb_column_inner type=&#187;1_3&#8243; saved_specialty_column_type=&#187;1_2&#8243; _builder_version=&#187;4.27.2&#8243; _module_preset=&#187;default&#187; global_colors_info=&#187;{}&#187;][et_pb_button button_url=&#187;@ET-DC@eyJkeW5hbWljIjp0cnVlLCJjb250ZW50IjoicG9zdF9saW5rX3VybF9wYWdlIiwic2V0dGluZ3MiOnsicG9zdF9pZCI6IjM3NiJ9fQ==@&#187; button_text=&#187;Kaip i\u0161sirinkti?&#187; _builder_version=&#187;4.27.2&#8243; _dynamic_attributes=&#187;button_url&#187; _module_preset=&#187;default&#187; custom_button=&#187;on&#187; button_bg_color=&#187;#ebebeb&#187; button_use_icon=&#187;off&#187; custom_padding=&#187;10px|18px|10px|18px|true|true&#187; global_colors_info=&#187;{}&#187; button_bg_color__hover_enabled=&#187;on|hover&#187; button_bg_color__hover=&#187;#f2f2f2&#8243; button_bg_enable_color__hover=&#187;on&#187;][\/et_pb_button][\/et_pb_column_inner][et_pb_column_inner type=&#187;1_3&#8243; saved_specialty_column_type=&#187;1_2&#8243; _builder_version=&#187;4.27.2&#8243; _module_preset=&#187;default&#187; global_colors_info=&#187;{}&#187;][\/et_pb_column_inner][\/et_pb_row_inner][et_pb_row_inner _builder_version=&#187;4.27.2&#8243; _module_preset=&#187;default&#187; background_color=&#187;#ebebeb&#187; custom_margin=&#187;||30px||false|false&#187; custom_padding=&#187;30px|30px|30px|30px|true|true&#187; global_colors_info=&#187;{}&#187;][et_pb_column_inner saved_specialty_column_type=&#187;1_2&#8243; _builder_version=&#187;4.27.2&#8243; _module_preset=&#187;default&#187; global_colors_info=&#187;{}&#187;][et_pb_contact_form use_spam_service=&#187;on&#187; recaptcha_list=&#187;add_new_account&#187; recaptcha_site_key=&#187;6Lep3s4UAAAAALg5N94qA35X9r0GzmgpxyIJ1_3R&#187; recaptcha_secret_key=&#187;6Lep3s4UAAAAAKa0NNztDB1yQ5sSDNor3NZX7ZaF&#187; email=&#187;info@caravan.lt&#187; title=&#187;Turite klausim\u0173? Para\u0161ykite&#187; custom_message=&#187;Namelis: %%form-request-product-title%%||et_pb_line_break_holder||||et_pb_line_break_holder||Vardas: %%Vardas%%||et_pb_line_break_holder||El. pa\u0161tas: %%Email%%||et_pb_line_break_holder||Telefono Nr.: %%Phone%%||et_pb_line_break_holder||\u017dinut\u0117: %%Message%%&#187; success_message=&#187;J\u016bs\u0173 \u017einut\u0117 s\u0117kmingai i\u0161si\u0173sta. Netrukus su Jumis susisieksime.&#187; submit_button_text=&#187;Si\u0173sti&#187; _builder_version=&#187;4.27.4&#8243; _module_preset=&#187;default&#187; _unique_id=&#187;351c8b10-a01e-47bf-a09d-46a4abdd1031&#8243; form_field_background_color=&#187;#FFFFFF&#187; form_field_text_color=&#187;#666666&#8243; form_field_focus_background_color=&#187;#FFFFFF&#187; form_field_focus_text_color=&#187;#1F1A17&#8243; title_level=&#187;h4&#8243; title_font=&#187;|700|||||||&#187; title_text_color=&#187;#1F1A17&#8243; title_line_height=&#187;1.2em&#187; global_colors_info=&#187;{}&#187;][et_pb_contact_field field_id=&#187;Vardas&#187; field_title=&#187;Vardas&#187; fullwidth_field=&#187;on&#187; _builder_version=&#187;4.27.2&#8243; _module_preset=&#187;default&#187; global_colors_info=&#187;{}&#187;][\/et_pb_contact_field][et_pb_contact_field field_id=&#187;Email&#187; field_title=&#187;El. pa\u0161tas&#187; fullwidth_field=&#187;on&#187; _builder_version=&#187;4.27.2&#8243; _module_preset=&#187;default&#187; global_colors_info=&#187;{}&#187;][\/et_pb_contact_field][et_pb_contact_field field_id=&#187;Phone&#187; field_title=&#187;Telefono Nr.&#187; fullwidth_field=&#187;on&#187; _builder_version=&#187;4.27.2&#8243; _module_preset=&#187;default&#187; global_colors_info=&#187;{}&#187;][\/et_pb_contact_field][et_pb_contact_field field_id=&#187;Message&#187; field_title=&#187;\u017dinut\u0117&#187; field_type=&#187;text&#187; fullwidth_field=&#187;on&#187; _builder_version=&#187;4.27.2&#8243; global_colors_info=&#187;{}&#187; button_text_size__hover_enabled=&#187;off&#187; button_one_text_size__hover_enabled=&#187;off&#187; button_two_text_size__hover_enabled=&#187;off&#187; button_text_color__hover_enabled=&#187;off&#187; button_one_text_color__hover_enabled=&#187;off&#187; button_two_text_color__hover_enabled=&#187;off&#187; button_border_width__hover_enabled=&#187;off&#187; button_one_border_width__hover_enabled=&#187;off&#187; button_two_border_width__hover_enabled=&#187;off&#187; button_border_color__hover_enabled=&#187;off&#187; button_one_border_color__hover_enabled=&#187;off&#187; button_two_border_color__hover_enabled=&#187;off&#187; button_border_radius__hover_enabled=&#187;off&#187; button_one_border_radius__hover_enabled=&#187;off&#187; button_two_border_radius__hover_enabled=&#187;off&#187; button_letter_spacing__hover_enabled=&#187;off&#187; button_one_letter_spacing__hover_enabled=&#187;off&#187; button_two_letter_spacing__hover_enabled=&#187;off&#187; button_bg_color__hover_enabled=&#187;off&#187; button_one_bg_color__hover_enabled=&#187;off&#187; button_two_bg_color__hover_enabled=&#187;off&#187;][\/et_pb_contact_field][et_pb_contact_field field_id=&#187;form-request-product-title&#187; field_title=&#187;Product title&#187; fullwidth_field=&#187;on&#187; _builder_version=&#187;4.27.2&#8243; _module_preset=&#187;default&#187; global_colors_info=&#187;{}&#187;][\/et_pb_contact_field][\/et_pb_contact_form][\/et_pb_column_inner][\/et_pb_row_inner][et_pb_row_inner _builder_version=&#187;4.27.2&#8243; _module_preset=&#187;default&#187; background_color=&#187;#ffffcc&#187; custom_padding=&#187;30px|30px|30px|30px|true|true&#187; global_colors_info=&#187;{}&#187;][et_pb_column_inner saved_specialty_column_type=&#187;1_2&#8243; _builder_version=&#187;4.27.2&#8243; _module_preset=&#187;default&#187; global_colors_info=&#187;{}&#187;][et_pb_text _builder_version=&#187;4.27.2&#8243; _module_preset=&#187;default&#187; text_font=&#187;|700|||||||&#187; text_text_color=&#187;#1F1A17&#8243; global_colors_info=&#187;{}&#187;]<\/p>\n<p>Tvarkingi nameliai i\u0161 patikim\u0173 rank\u0173. Pirmoji Lietuvoje nameli\u0173 pardavimo aik\u0161tel\u0117 Vilniuje nuo pat \u012fk\u016brimo 2004 m. Visada turiu did\u017eiausi\u0105 nameli\u0173 pasirinkim\u0105 vienoje vietoje Lietuvoje (70-100 vnt.). Konsultacijos, garantija, atsargin\u0117s dalys, perve\u017eimas, nameli\u0173 atpirkimas, pardavimas i\u0161simok\u0117tinai be banko.<\/p>\n<p>Tiesioginis kontaktas su savininku +370 641 102 02. Skambinkite pirmadien\u012f-\u0161e\u0161tadien\u012f 8.00-19.00. Aik\u0161tel\u0117 atidaryta pirmadien\u012f-\u0161e\u0161tadien\u012f 8.00-18.00. Jei norite atvykti v\u0117liau arba sekmadien\u012f &#8212; paskambinkite, susitarsime.<\/p>\n<p>B\u016btinai perskaitykite vis\u0105 informacij\u0105 apie namelius paspaud\u0119 \u0161i\u0105 nuorod\u0105 &#8212; \u201eKAIP I\u0160SIRINKTI MOBIL\u0172 NAMEL\u012e\u201c.<\/p>\n<p>Parduosiu pigiau, nei kiti pardav\u0117jai Lietuvoje. Parodykit tok\u012f pat\u012f namel\u012f pigiau pas konkurentus ir a\u0161 parduosiu dar pigiau!<\/p>\n<p>[\/et_pb_text][\/et_pb_column_inner][\/et_pb_row_inner][\/et_pb_column][\/et_pb_section][et_pb_section fb_built=&#187;1&#8243; _builder_version=&#187;4.27.2&#8243; custom_padding=&#187;0px||||false|false&#187; global_module=&#187;187&#8243; saved_tabs=&#187;all&#187; global_colors_info=&#187;{}&#187;][et_pb_row _builder_version=&#187;4.16&#8243; background_size=&#187;initial&#187; background_position=&#187;top_left&#187; background_repeat=&#187;repeat&#187; width=&#187;100%&#187; global_colors_info=&#187;{}&#187;][et_pb_column type=&#187;4_4&#8243; _builder_version=&#187;4.16&#8243; custom_padding=&#187;|||&#187; global_colors_info=&#187;{}&#187; custom_padding__hover=&#187;|||&#187;][et_pb_wc_related_products posts_number=&#187;4&#8243; columns_number=&#187;4&#8243; include_categories=&#187;31,32&#8243; sale_badge_color=&#187;#FFF000&#8243; icon_hover_color=&#187;#FFFF00&#8243; hover_overlay_color=&#187;rgba(255,255,255,0.21)&#187; hover_icon=&#187;&#xf06e;||fa||900&#8243; show_rating=&#187;off&#187; _builder_version=&#187;4.27.2&#8243; title_font=&#187;|700|||||||&#187; title_text_color=&#187;#1F1A17&#8243; title_font_size=&#187;20px&#187; title_line_height=&#187;1.2em&#187; product_title_font=&#187;|700|||||||&#187; product_title_text_color=&#187;#1F1A17&#8243; product_title_font_size=&#187;18px&#187; product_title_line_height=&#187;1.3em&#187; price_text_color=&#187;#1F1A17&#8243; price_font_size=&#187;16px&#187; price_line_height=&#187;1.3em&#187; sale_badge_font=&#187;|700||on|||||&#187; sale_badge_text_color=&#187;#1F1A17&#8243; sale_badge_font_size=&#187;18px&#187; sale_badge_line_height=&#187;1.3em&#187; sale_price_text_color=&#187;#ff0000&#8243; sale_price_line_height=&#187;1.3em&#187; title_font_size_tablet=&#187;18px&#187; title_font_size_phone=&#187;16px&#187; title_font_size_last_edited=&#187;on|phone&#187; product_title_font_size_tablet=&#187;16px&#187; product_title_font_size_phone=&#187;14px&#187; product_title_font_size_last_edited=&#187;on|phone&#187; price_font_size_tablet=&#187;15px&#187; price_font_size_phone=&#187;14px&#187; price_font_size_last_edited=&#187;on|phone&#187; global_colors_info=&#187;{}&#187;][\/et_pb_wc_related_products][\/et_pb_column][\/et_pb_row][\/et_pb_section]<\/p>\n","protected":false},"excerpt":{"rendered":"<p>&nbsp;<\/p>\n<p><strong>PAPILDOMOS NUOLAIDOS TIKRAI BUS TIK ATVYKUS \u012e AIK\u0160TEL\u0118<\/strong><\/p>\n<p><strong>Tvarkingi nameliai i\u0161 patikim\u0173 rank\u0173. Pirmoji Lietuvoje nameli\u0173 pardavimo aik\u0161tel\u0117 Vilniuje nuo pat \u012fk\u016brimo 2004 m. Visada turiu did\u017eiausi\u0105 nameli\u0173 pasirinkim\u0105 vienoje vietoje Lietuvoje (70-100vnt.). Konsultacijos, garantija, atsargin\u0117s dalys, perve\u017eimas, nameli\u0173 atpirkimas, pardavimas i\u0161simok\u0117tinai be banko.<\/strong><\/p>\n<p><strong>Tiesioginis kontaktas su savininku 8 64 11 02 02. Skambinkite pirmadien\u012f-\u0161e\u0161tadien\u012f 8.00-19.00. Aik\u0161tel\u0117 atidaryta pirmadien\u012f-\u0161e\u0161tadien\u012f 8.00-18.00. Jei norite atvykti v\u0117liau arba sekmadien\u012f-paskambinkite, susitarsime.<\/strong><\/p>\n<p><strong>B\u016btinai perskaitykite vis\u0105 informacij\u0105 apie namelius paspaud\u0119 \u0161i\u0105 nuorod\u0105-<a href=\"https:\/\/caravan.lt\/kaip-issirinkti-nameli\/\">\u00a0\u201eKAIP I\u0160SIRINKTI MOBIL\u0172 NAMEL\u012e\u201c<\/a><\/strong><\/p>\n<p><strong>Parduosiu pigiau, nei kiti pardav\u0117jai Lietuvoje. Parodykit tok\u012f pat\u012f namel\u012f pigiau pas konkurentus ir a\u0161 parduosiu dar pigiau!<\/strong><\/p>\n","protected":false},"featured_media":2556,"template":"","meta":{"_et_pb_use_builder":"on","_et_pb_old_content":"","_et_gb_content_width":""},"product_brand":[],"product_cat":[31],"product_tag":[],"class_list":{"0":"post-2554","1":"product","2":"type-product","3":"status-publish","4":"has-post-thumbnail","6":"product_cat-nameliai","7":"pa_plotis-m-3-70","9":"first","10":"outofstock","11":"sale","12":"virtual","13":"sold-individually","14":"purchasable","15":"product-type-simple"},"yoast_head":"<!-- This site is optimized with the Yoast SEO plugin v27.5 - https:\/\/yoast.com\/product\/yoast-seo-wordpress\/ -->\n<title>Mobilus namelis TE1733 - caravan.lt<\/title>\n<meta name=\"robots\" content=\"index, follow, max-snippet:-1, max-image-preview:large, max-video-preview:-1\" \/>\n<link rel=\"canonical\" href=\"https:\/\/caravan.lt\/produktas\/mobilus-namelis-te1733-2\/\" \/>\n<meta property=\"og:locale\" content=\"ru_RU\" \/>\n<meta property=\"og:type\" content=\"article\" \/>\n<meta property=\"og:title\" content=\"Mobilus namelis TE1733 - caravan.lt\" \/>\n<meta property=\"og:description\" content=\"&nbsp;  PAPILDOMOS NUOLAIDOS TIKRAI BUS TIK ATVYKUS \u012e AIK\u0160TEL\u0118  Tvarkingi nameliai i\u0161 patikim\u0173 rank\u0173. Pirmoji Lietuvoje nameli\u0173 pardavimo aik\u0161tel\u0117 Vilniuje nuo pat \u012fk\u016brimo 2004 m. Visada turiu did\u017eiausi\u0105 nameli\u0173 pasirinkim\u0105 vienoje vietoje Lietuvoje (70-100vnt.). Konsultacijos, garantija, atsargin\u0117s dalys, perve\u017eimas, nameli\u0173 atpirkimas, pardavimas i\u0161simok\u0117tinai be banko.  Tiesioginis kontaktas su savininku 8 64 11 02 02. Skambinkite pirmadien\u012f-\u0161e\u0161tadien\u012f 8.00-19.00. Aik\u0161tel\u0117 atidaryta pirmadien\u012f-\u0161e\u0161tadien\u012f 8.00-18.00. Jei norite atvykti v\u0117liau arba sekmadien\u012f-paskambinkite, susitarsime.  B\u016btinai perskaitykite vis\u0105 informacij\u0105 apie namelius paspaud\u0119 \u0161i\u0105 nuorod\u0105-\u00a0\u201eKAIP I\u0160SIRINKTI MOBIL\u0172 NAMEL\u012e\u201c  Parduosiu pigiau, nei kiti pardav\u0117jai Lietuvoje. Parodykit tok\u012f pat\u012f namel\u012f pigiau pas konkurentus ir a\u0161 parduosiu dar pigiau!\" \/>\n<meta property=\"og:url\" content=\"https:\/\/caravan.lt\/produktas\/mobilus-namelis-te1733-2\/\" \/>\n<meta property=\"og:site_name\" content=\"caravan.lt\" \/>\n<meta property=\"article:modified_time\" content=\"2025-09-11T13:50:33+00:00\" \/>\n<meta property=\"og:image\" content=\"https:\/\/caravan.lt\/wp-content\/uploads\/IMG_9931-scaled.jpeg\" \/>\n\t<meta property=\"og:image:width\" content=\"2560\" \/>\n\t<meta property=\"og:image:height\" content=\"1920\" \/>\n\t<meta property=\"og:image:type\" content=\"image\/jpeg\" \/>\n<meta name=\"twitter:card\" content=\"summary_large_image\" \/>\n<meta name=\"twitter:label1\" content=\"\u041f\u0440\u0438\u043c\u0435\u0440\u043d\u043e\u0435 \u0432\u0440\u0435\u043c\u044f \u0434\u043b\u044f \u0447\u0442\u0435\u043d\u0438\u044f\" \/>\n\t<meta name=\"twitter:data1\" content=\"5 \u043c\u0438\u043d\u0443\u0442\" \/>\n<script type=\"application\/ld+json\" class=\"yoast-schema-graph\">{\"@context\":\"https:\\\/\\\/schema.org\",\"@graph\":[{\"@type\":\"WebPage\",\"@id\":\"https:\\\/\\\/caravan.lt\\\/produktas\\\/mobilus-namelis-te1733-2\\\/\",\"url\":\"https:\\\/\\\/caravan.lt\\\/produktas\\\/mobilus-namelis-te1733-2\\\/\",\"name\":\"Mobilus namelis TE1733 - caravan.lt\",\"isPartOf\":{\"@id\":\"https:\\\/\\\/caravan.lt\\\/#website\"},\"primaryImageOfPage\":{\"@id\":\"https:\\\/\\\/caravan.lt\\\/produktas\\\/mobilus-namelis-te1733-2\\\/#primaryimage\"},\"image\":{\"@id\":\"https:\\\/\\\/caravan.lt\\\/produktas\\\/mobilus-namelis-te1733-2\\\/#primaryimage\"},\"thumbnailUrl\":\"https:\\\/\\\/caravan.lt\\\/wp-content\\\/uploads\\\/IMG_9931-scaled.jpeg\",\"datePublished\":\"2025-04-18T07:47:57+00:00\",\"dateModified\":\"2025-09-11T13:50:33+00:00\",\"breadcrumb\":{\"@id\":\"https:\\\/\\\/caravan.lt\\\/produktas\\\/mobilus-namelis-te1733-2\\\/#breadcrumb\"},\"inLanguage\":\"ru-RU\",\"potentialAction\":[{\"@type\":\"ReadAction\",\"target\":[\"https:\\\/\\\/caravan.lt\\\/produktas\\\/mobilus-namelis-te1733-2\\\/\"]}]},{\"@type\":\"ImageObject\",\"inLanguage\":\"ru-RU\",\"@id\":\"https:\\\/\\\/caravan.lt\\\/produktas\\\/mobilus-namelis-te1733-2\\\/#primaryimage\",\"url\":\"https:\\\/\\\/caravan.lt\\\/wp-content\\\/uploads\\\/IMG_9931-scaled.jpeg\",\"contentUrl\":\"https:\\\/\\\/caravan.lt\\\/wp-content\\\/uploads\\\/IMG_9931-scaled.jpeg\",\"width\":2560,\"height\":1920},{\"@type\":\"BreadcrumbList\",\"@id\":\"https:\\\/\\\/caravan.lt\\\/produktas\\\/mobilus-namelis-te1733-2\\\/#breadcrumb\",\"itemListElement\":[{\"@type\":\"ListItem\",\"position\":1,\"name\":\"Home\",\"item\":\"https:\\\/\\\/caravan.lt\\\/ru\\\/\"},{\"@type\":\"ListItem\",\"position\":2,\"name\":\"\u0414\u043e\u043c\u0438\u043a\u0438\",\"item\":\"https:\\\/\\\/caravan.lt\\\/ru\\\/%d0%b4%d0%be%d0%bc%d0%b8%d0%ba%d0%b8\\\/\"},{\"@type\":\"ListItem\",\"position\":3,\"name\":\"Mobilus namelis TE1733\"}]},{\"@type\":\"WebSite\",\"@id\":\"https:\\\/\\\/caravan.lt\\\/#website\",\"url\":\"https:\\\/\\\/caravan.lt\\\/\",\"name\":\"caravan.lt\",\"description\":\"Just another WordPress site\",\"potentialAction\":[{\"@type\":\"SearchAction\",\"target\":{\"@type\":\"EntryPoint\",\"urlTemplate\":\"https:\\\/\\\/caravan.lt\\\/?s={search_term_string}\"},\"query-input\":{\"@type\":\"PropertyValueSpecification\",\"valueRequired\":true,\"valueName\":\"search_term_string\"}}],\"inLanguage\":\"ru-RU\"}]}<\/script>\n<!-- \/ Yoast SEO plugin. -->","yoast_head_json":{"title":"Mobilus namelis TE1733 - caravan.lt","robots":{"index":"index","follow":"follow","max-snippet":"max-snippet:-1","max-image-preview":"max-image-preview:large","max-video-preview":"max-video-preview:-1"},"canonical":"https:\/\/caravan.lt\/produktas\/mobilus-namelis-te1733-2\/","og_locale":"ru_RU","og_type":"article","og_title":"Mobilus namelis TE1733 - caravan.lt","og_description":"&nbsp;  PAPILDOMOS NUOLAIDOS TIKRAI BUS TIK ATVYKUS \u012e AIK\u0160TEL\u0118  Tvarkingi nameliai i\u0161 patikim\u0173 rank\u0173. Pirmoji Lietuvoje nameli\u0173 pardavimo aik\u0161tel\u0117 Vilniuje nuo pat \u012fk\u016brimo 2004 m. Visada turiu did\u017eiausi\u0105 nameli\u0173 pasirinkim\u0105 vienoje vietoje Lietuvoje (70-100vnt.). Konsultacijos, garantija, atsargin\u0117s dalys, perve\u017eimas, nameli\u0173 atpirkimas, pardavimas i\u0161simok\u0117tinai be banko.  Tiesioginis kontaktas su savininku 8 64 11 02 02. Skambinkite pirmadien\u012f-\u0161e\u0161tadien\u012f 8.00-19.00. Aik\u0161tel\u0117 atidaryta pirmadien\u012f-\u0161e\u0161tadien\u012f 8.00-18.00. Jei norite atvykti v\u0117liau arba sekmadien\u012f-paskambinkite, susitarsime.  B\u016btinai perskaitykite vis\u0105 informacij\u0105 apie namelius paspaud\u0119 \u0161i\u0105 nuorod\u0105-\u00a0\u201eKAIP I\u0160SIRINKTI MOBIL\u0172 NAMEL\u012e\u201c  Parduosiu pigiau, nei kiti pardav\u0117jai Lietuvoje. Parodykit tok\u012f pat\u012f namel\u012f pigiau pas konkurentus ir a\u0161 parduosiu dar pigiau!","og_url":"https:\/\/caravan.lt\/produktas\/mobilus-namelis-te1733-2\/","og_site_name":"caravan.lt","article_modified_time":"2025-09-11T13:50:33+00:00","og_image":[{"width":2560,"height":1920,"url":"https:\/\/caravan.lt\/wp-content\/uploads\/IMG_9931-scaled.jpeg","type":"image\/jpeg"}],"twitter_card":"summary_large_image","twitter_misc":{"\u041f\u0440\u0438\u043c\u0435\u0440\u043d\u043e\u0435 \u0432\u0440\u0435\u043c\u044f \u0434\u043b\u044f \u0447\u0442\u0435\u043d\u0438\u044f":"5 \u043c\u0438\u043d\u0443\u0442"},"schema":{"@context":"https:\/\/schema.org","@graph":[{"@type":"WebPage","@id":"https:\/\/caravan.lt\/produktas\/mobilus-namelis-te1733-2\/","url":"https:\/\/caravan.lt\/produktas\/mobilus-namelis-te1733-2\/","name":"Mobilus namelis TE1733 - caravan.lt","isPartOf":{"@id":"https:\/\/caravan.lt\/#website"},"primaryImageOfPage":{"@id":"https:\/\/caravan.lt\/produktas\/mobilus-namelis-te1733-2\/#primaryimage"},"image":{"@id":"https:\/\/caravan.lt\/produktas\/mobilus-namelis-te1733-2\/#primaryimage"},"thumbnailUrl":"https:\/\/caravan.lt\/wp-content\/uploads\/IMG_9931-scaled.jpeg","datePublished":"2025-04-18T07:47:57+00:00","dateModified":"2025-09-11T13:50:33+00:00","breadcrumb":{"@id":"https:\/\/caravan.lt\/produktas\/mobilus-namelis-te1733-2\/#breadcrumb"},"inLanguage":"ru-RU","potentialAction":[{"@type":"ReadAction","target":["https:\/\/caravan.lt\/produktas\/mobilus-namelis-te1733-2\/"]}]},{"@type":"ImageObject","inLanguage":"ru-RU","@id":"https:\/\/caravan.lt\/produktas\/mobilus-namelis-te1733-2\/#primaryimage","url":"https:\/\/caravan.lt\/wp-content\/uploads\/IMG_9931-scaled.jpeg","contentUrl":"https:\/\/caravan.lt\/wp-content\/uploads\/IMG_9931-scaled.jpeg","width":2560,"height":1920},{"@type":"BreadcrumbList","@id":"https:\/\/caravan.lt\/produktas\/mobilus-namelis-te1733-2\/#breadcrumb","itemListElement":[{"@type":"ListItem","position":1,"name":"Home","item":"https:\/\/caravan.lt\/ru\/"},{"@type":"ListItem","position":2,"name":"\u0414\u043e\u043c\u0438\u043a\u0438","item":"https:\/\/caravan.lt\/ru\/%d0%b4%d0%be%d0%bc%d0%b8%d0%ba%d0%b8\/"},{"@type":"ListItem","position":3,"name":"Mobilus namelis TE1733"}]},{"@type":"WebSite","@id":"https:\/\/caravan.lt\/#website","url":"https:\/\/caravan.lt\/","name":"caravan.lt","description":"Just another WordPress site","potentialAction":[{"@type":"SearchAction","target":{"@type":"EntryPoint","urlTemplate":"https:\/\/caravan.lt\/?s={search_term_string}"},"query-input":{"@type":"PropertyValueSpecification","valueRequired":true,"valueName":"search_term_string"}}],"inLanguage":"ru-RU"}]}},"_links":{"self":[{"href":"https:\/\/caravan.lt\/ru\/wp-json\/wp\/v2\/product\/2554","targetHints":{"allow":["GET"]}}],"collection":[{"href":"https:\/\/caravan.lt\/ru\/wp-json\/wp\/v2\/product"}],"about":[{"href":"https:\/\/caravan.lt\/ru\/wp-json\/wp\/v2\/types\/product"}],"wp:featuredmedia":[{"embeddable":true,"href":"https:\/\/caravan.lt\/ru\/wp-json\/wp\/v2\/media\/2556"}],"wp:attachment":[{"href":"https:\/\/caravan.lt\/ru\/wp-json\/wp\/v2\/media?parent=2554"}],"wp:term":[{"taxonomy":"product_brand","embeddable":true,"href":"https:\/\/caravan.lt\/ru\/wp-json\/wp\/v2\/product_brand?post=2554"},{"taxonomy":"product_cat","embeddable":true,"href":"https:\/\/caravan.lt\/ru\/wp-json\/wp\/v2\/product_cat?post=2554"},{"taxonomy":"product_tag","embeddable":true,"href":"https:\/\/caravan.lt\/ru\/wp-json\/wp\/v2\/product_tag?post=2554"}],"curies":[{"name":"wp","href":"https:\/\/api.w.org\/{rel}","templated":true}]}}